{"id":11179,"date":"2022-11-22T03:49:50","date_gmt":"2022-11-22T02:49:50","guid":{"rendered":"https:\/\/www.prolocoaltessanovenaria.eu\/sito\/?page_id=11179"},"modified":"2022-11-22T04:52:37","modified_gmt":"2022-11-22T03:52:37","slug":"proloco-giovani","status":"publish","type":"page","link":"https:\/\/www.prolocoaltessanovenaria.eu\/sito\/proloco-giovani\/","title":{"rendered":"Pro Loco Giovani"},"content":{"rendered":"\t\t<div data-elementor-type=\"wp-page\" data-elementor-id=\"11179\" class=\"elementor elementor-11179\" data-elementor-post-type=\"page\">\n\t\t\t\t\t\t<section class=\"elementor-section elementor-top-section elementor-element elementor-element-e3df578 elementor-section-boxed elementor-section-height-default elementor-section-height-default\" data-id=\"e3df578\" data-element_type=\"section\" data-e-type=\"section\">\n\t\t\t\t\t\t<div class=\"elementor-container elementor-column-gap-default\">\n\t\t\t\t\t<div class=\"elementor-column elementor-col-50 elementor-top-column elementor-element elementor-element-103fb04\" data-id=\"103fb04\" data-element_type=\"column\" data-e-type=\"column\">\n\t\t\t<div class=\"elementor-widget-wrap elementor-element-populated\">\n\t\t\t\t\t\t<div class=\"elementor-element elementor-element-b3f409b elementor-widget elementor-widget-text-editor\" data-id=\"b3f409b\" data-element_type=\"widget\" data-e-type=\"widget\" data-widget_type=\"text-editor.default\">\n\t\t\t\t<div class=\"elementor-widget-container\">\n\t\t\t\t\t\t\t\t\t<p><span data-contrast=\"auto\">La Pro Loco Altessano \u2013 Venaria Reale crede fermamente che il contributo dei pi\u00f9 giovani sia vitale per ogni associazione che intende non solo durare nel tempo, ma rinnovarsi, reinventarsi e proporre sempre iniziative dedicate a tutta la cittadinanza.\u00a0<\/span><span data-ccp-props=\"{&quot;201341983&quot;:0,&quot;335551550&quot;:6,&quot;335551620&quot;:6,&quot;335559739&quot;:200,&quot;335559740&quot;:276}\">\u00a0<\/span><\/p>\n<p><span data-contrast=\"auto\">Per questo, il giorno 21\/09\/2022, con approvazione del Consiglio Direttivo, nasce ufficialmente la Sezione Giovani , ramo associativo della APS Pro Loco Altessano \u2013 Venaria Reale, con finalit\u00e0 di aggregazione e promozione del territorio.\u00a0<\/span><span data-ccp-props=\"{&quot;201341983&quot;:0,&quot;335551550&quot;:6,&quot;335551620&quot;:6,&quot;335559739&quot;:200,&quot;335559740&quot;:276}\">\u00a0<\/span><\/p>\n<p><span data-contrast=\"auto\">Di fatto parte della grande famiglia della Pro Loco, il suo ramo Giovani ha il duplice obiettivo di instaurare un punto di riferimento, di aggregazione e di condivisione per i giovani della citt\u00e0 e di includere attivamente i ragazzi nelle storiche attivit\u00e0 di volontariato, accoglienza e promozione turistica della Pro Loco.\u00a0<\/span><span data-ccp-props=\"{&quot;201341983&quot;:0,&quot;335551550&quot;:6,&quot;335551620&quot;:6,&quot;335559739&quot;:200,&quot;335559740&quot;:276}\">\u00a0<\/span><\/p>\t\t\t\t\t\t\t\t<\/div>\n\t\t\t\t<\/div>\n\t\t\t\t\t<\/div>\n\t\t<\/div>\n\t\t\t\t<div class=\"elementor-column elementor-col-50 elementor-top-column elementor-element elementor-element-86ff152\" data-id=\"86ff152\" data-element_type=\"column\" data-e-type=\"column\">\n\t\t\t<div class=\"elementor-widget-wrap elementor-element-populated\">\n\t\t\t\t\t\t<div class=\"elementor-element elementor-element-fd9cd67 elementor-widget elementor-widget-image\" data-id=\"fd9cd67\" data-element_type=\"widget\" data-e-type=\"widget\" data-widget_type=\"image.default\">\n\t\t\t\t<div class=\"elementor-widget-container\">\n\t\t\t\t\t\t\t\t\t\t\t\t\t\t\t<img fetchpriority=\"high\" decoding=\"async\" width=\"800\" height=\"449\" src=\"https:\/\/www.prolocoaltessanovenaria.eu\/sito\/wp-content\/uploads\/2022\/11\/proloco-giovani.1-1024x575.jpg\" class=\"attachment-large size-large wp-image-11184\" alt=\"\" srcset=\"https:\/\/www.prolocoaltessanovenaria.eu\/sito\/wp-content\/uploads\/2022\/11\/proloco-giovani.1-1024x575.jpg 1024w, https:\/\/www.prolocoaltessanovenaria.eu\/sito\/wp-content\/uploads\/2022\/11\/proloco-giovani.1-300x168.jpg 300w, https:\/\/www.prolocoaltessanovenaria.eu\/sito\/wp-content\/uploads\/2022\/11\/proloco-giovani.1-768x431.jpg 768w, https:\/\/www.prolocoaltessanovenaria.eu\/sito\/wp-content\/uploads\/2022\/11\/proloco-giovani.1-1536x863.jpg 1536w, https:\/\/www.prolocoaltessanovenaria.eu\/sito\/wp-content\/uploads\/2022\/11\/proloco-giovani.1.jpg 1583w\" sizes=\"(max-width: 800px) 100vw, 800px\" \/>\t\t\t\t\t\t\t\t\t\t\t\t\t\t\t<\/div>\n\t\t\t\t<\/div>\n\t\t\t\t\t<\/div>\n\t\t<\/div>\n\t\t\t\t\t<\/div>\n\t\t<\/section>\n\t\t\t\t<section class=\"elementor-section elementor-top-section elementor-element elementor-element-7fccccc elementor-section-boxed elementor-section-height-default elementor-section-height-default\" data-id=\"7fccccc\" data-element_type=\"section\" data-e-type=\"section\">\n\t\t\t\t\t\t<div class=\"elementor-container elementor-column-gap-default\">\n\t\t\t\t\t<div class=\"elementor-column elementor-col-100 elementor-top-column elementor-element elementor-element-ceef0e6\" data-id=\"ceef0e6\" data-element_type=\"column\" data-e-type=\"column\">\n\t\t\t<div class=\"elementor-widget-wrap elementor-element-populated\">\n\t\t\t\t\t\t<div class=\"elementor-element elementor-element-b495189 elementor-widget elementor-widget-text-editor\" data-id=\"b495189\" data-element_type=\"widget\" data-e-type=\"widget\" data-widget_type=\"text-editor.default\">\n\t\t\t\t<div class=\"elementor-widget-container\">\n\t\t\t\t\t\t\t\t\t<p><b><span data-contrast=\"auto\">Cosa fa la Pro Loco Giovani?<\/span><\/b><span data-ccp-props=\"{&quot;201341983&quot;:0,&quot;335551550&quot;:6,&quot;335551620&quot;:6,&quot;335559739&quot;:200,&quot;335559740&quot;:276}\">\u00a0<\/span><\/p>\n<p><span data-contrast=\"auto\">Le attivit\u00e0 del ramo Giovani della Pro Loco Altessano \u2013 Venaria Reale non differiscono sostanzialmente da quelle gi\u00e0 svolte dalla Pro Loco ed espresse nell\u2019Articolo 2 dello Statuto, ed anzi si intrecciano indissolubilmente con il ruolo che gi\u00e0 la Pro Loco copre sul territorio cittadino. L\u2019organizzazione e la promozione di eventi, il supporto logistico, l\u2019accoglienza del turista e la salvaguardia del patrimonio storico e culturale della citt\u00e0 rimangono i capisaldi del nostro operato, che saranno sempre e comunque svolti in maniera continua e simbiotica con la Pro Loco. Tuttavia, le attivit\u00e0 del ramo Giovani vedranno cambiare il loro pubblico di destinazione: la Sezione avr\u00e0 un ruolo attivo nell\u2019organizzazione, pianificazione ed allestimento di eventi dedicati ai ragazzi, coinvolger\u00e0 nel suo impegno gli studenti delle scuole e delle universit\u00e0 e gestir\u00e0 i rapporti tra il direttivo della Pro Loco ed i suoi Soci pi\u00f9 giovani, linfa vitale di ogni associazione. Coinvolgimento attivo dei giovani nella partecipazione alla valorizzazione e salvaguardia del territorio (come raccolta e digitalizzazione di testimonianze storiche materiali ed immateriali), momenti di scambio culturale (tra gli altri cineforum e book-crossing) e Tornei ludici (di giochi di ogni tipo) saranno solo alcuni degli obiettivi verso cui saranno diretti gli sforzi della Sezione Giovani della Pro Loco Altessano \u2013 Venaria Reale.\u00a0<\/span><span data-ccp-props=\"{&quot;201341983&quot;:0,&quot;335551550&quot;:6,&quot;335551620&quot;:6,&quot;335559739&quot;:200,&quot;335559740&quot;:276}\">\u00a0<\/span><\/p>\t\t\t\t\t\t\t\t<\/div>\n\t\t\t\t<\/div>\n\t\t\t\t<div class=\"elementor-element elementor-element-0e9b1f6 elementor-widget elementor-widget-text-editor\" data-id=\"0e9b1f6\" data-element_type=\"widget\" data-e-type=\"widget\" data-widget_type=\"text-editor.default\">\n\t\t\t\t<div class=\"elementor-widget-container\">\n\t\t\t\t\t\t\t\t\t<p><b><span data-contrast=\"auto\">I Soci<\/span><\/b><span data-ccp-props=\"{&quot;201341983&quot;:0,&quot;335551550&quot;:6,&quot;335551620&quot;:6,&quot;335559739&quot;:200,&quot;335559740&quot;:276}\">\u00a0<\/span><\/p>\n<p><span data-contrast=\"auto\">A potersi unire alla Sezione Giovani saranno tutti gli interessati a divenire Soci Ordinari Pro Loco che non abbiano superato l\u2019et\u00e0 di 29 anni e 11 mesi. Entrare a far parte della Sezione Giovani della APS Pro Loco Altessano \u2013 Venaria Reale richiede dunque che venga sottoscritta dall\u2019interessato la Tessera del Socio Pro Loco, ed ogni tesserato avr\u00e0 pertanto diritto ai vantaggi derivanti da essa.\u00a0<\/span><span data-ccp-props=\"{&quot;201341983&quot;:0,&quot;335551550&quot;:6,&quot;335551620&quot;:6,&quot;335559739&quot;:200,&quot;335559740&quot;:276}\">\u00a0<\/span><\/p>\n<p><span data-contrast=\"auto\">I Soci minorenni potranno frequentare i locali dell\u2019Associazione e prendere parte a tutte le iniziative della stessa, ma non potranno essere eletti come parte del Consiglio Direttivo, n\u00e9 potranno a loro volta eleggerne i membri. I Soci minorenni non potranno votare in Assemblea; il loro diritto di voto sar\u00e0 invece esercitato dal loro tutore. Inoltre, la loro domanda di adesione dovr\u00e0 essere avvallata dal maggiorenne che ne ha la tutela.\u00a0<\/span><span data-ccp-props=\"{&quot;201341983&quot;:0,&quot;335551550&quot;:6,&quot;335551620&quot;:6,&quot;335559739&quot;:200,&quot;335559740&quot;:276}\">\u00a0<\/span><\/p>\n<p><span data-contrast=\"auto\">La perdita o decadimento della qualifica di associato seguir\u00e0 l\u2019Art. 5 dello Statuto della Pro Loco Altessano \u2013 Venaria Reale APS: ogni Socio potr\u00e0 rinunciare alla sua posizione in qualunque momento presentando una richiesta di recessione scritta al Consiglio Direttivo o potr\u00e0 essere escluso nel caso in cui contravvenga in maniera grave agli obblighi previsti dallo Statuto.\u00a0<\/span><span data-ccp-props=\"{&quot;201341983&quot;:0,&quot;335551550&quot;:6,&quot;335551620&quot;:6,&quot;335559739&quot;:200,&quot;335559740&quot;:276}\">\u00a0<\/span><\/p>\t\t\t\t\t\t\t\t<\/div>\n\t\t\t\t<\/div>\n\t\t\t\t<div class=\"elementor-element elementor-element-f6aa741 elementor-widget elementor-widget-text-editor\" data-id=\"f6aa741\" data-element_type=\"widget\" data-e-type=\"widget\" data-widget_type=\"text-editor.default\">\n\t\t\t\t<div class=\"elementor-widget-container\">\n\t\t\t\t\t\t\t\t\t<p><b><span data-contrast=\"auto\">Referente<\/span><\/b><span data-ccp-props=\"{&quot;201341983&quot;:0,&quot;335551550&quot;:6,&quot;335551620&quot;:6,&quot;335559739&quot;:200,&quot;335559740&quot;:276}\">\u00a0<\/span><\/p>\n<p><span data-contrast=\"auto\">Referente per la Sezione Giovani<\/span><span data-contrast=\"auto\"> \u00e8 Alessio <\/span><span data-contrast=\"auto\">Picatti, che si occuper\u00e0 della comunicazione tra il gruppo Giovani e la Pro Loco Altessano \u2013 Venaria Reale e del coordinamento delle attivit\u00e0 e dei progetti del ramo associativo.\u00a0<\/span><span data-ccp-props=\"{&quot;201341983&quot;:0,&quot;335551550&quot;:6,&quot;335551620&quot;:6,&quot;335559739&quot;:200,&quot;335559740&quot;:276}\">\u00a0<\/span><\/p>\t\t\t\t\t\t\t\t<\/div>\n\t\t\t\t<\/div>\n\t\t\t\t\t<\/div>\n\t\t<\/div>\n\t\t\t\t\t<\/div>\n\t\t<\/section>\n\t\t\t\t<section class=\"elementor-section elementor-top-section elementor-element elementor-element-721944b elementor-section-boxed elementor-section-height-default elementor-section-height-default\" data-id=\"721944b\" data-element_type=\"section\" data-e-type=\"section\">\n\t\t\t\t\t\t<div class=\"elementor-container elementor-column-gap-default\">\n\t\t\t\t\t<div class=\"elementor-column elementor-col-50 elementor-top-column elementor-element elementor-element-74e5606\" data-id=\"74e5606\" data-element_type=\"column\" data-e-type=\"column\">\n\t\t\t<div class=\"elementor-widget-wrap\">\n\t\t\t\t\t\t\t<\/div>\n\t\t<\/div>\n\t\t\t\t<div class=\"elementor-column elementor-col-50 elementor-top-column elementor-element elementor-element-cb91528\" data-id=\"cb91528\" data-element_type=\"column\" data-e-type=\"column\">\n\t\t\t<div class=\"elementor-widget-wrap\">\n\t\t\t\t\t\t\t<\/div>\n\t\t<\/div>\n\t\t\t\t\t<\/div>\n\t\t<\/section>\n\t\t\t\t<\/div>\n\t\t","protected":false},"excerpt":{"rendered":"<p>La Pro Loco Altessano \u2013 Venaria Reale crede fermamente che il contributo dei pi\u00f9 giovani sia vitale per ogni associazione che intende non solo durare nel tempo, ma rinnovarsi, reinventarsi e proporre sempre iniziative dedicate a tutta la cittadinanza.\u00a0\u00a0 Per questo, il giorno 21\/09\/2022, con approvazione del Consiglio Direttivo, nasce ufficialmente la Sezione Giovani , [&hellip;]<\/p>\n","protected":false},"author":7,"featured_media":0,"parent":0,"menu_order":0,"comment_status":"closed","ping_status":"closed","template":"","meta":{"footnotes":""},"class_list":["post-11179","page","type-page","status-publish","hentry"],"yoast_head":"<!-- This site is optimized with the Yoast SEO plugin v27.3 - https:\/\/yoast.com\/product\/yoast-seo-wordpress\/ -->\n<title>Pro Loco Giovani - ProLoco Altessano Venaria<\/title>\n<meta name=\"robots\" content=\"index, follow, max-snippet:-1, max-image-preview:large, max-video-preview:-1\" \/>\n<link rel=\"canonical\" href=\"https:\/\/www.prolocoaltessanovenaria.eu\/sito\/proloco-giovani\/\" \/>\n<meta property=\"og:locale\" content=\"it_IT\" \/>\n<meta property=\"og:type\" content=\"article\" \/>\n<meta property=\"og:title\" content=\"Pro Loco Giovani - ProLoco Altessano Venaria\" \/>\n<meta property=\"og:description\" content=\"La Pro Loco Altessano \u2013 Venaria Reale crede fermamente che il contributo dei pi\u00f9 giovani sia vitale per ogni associazione che intende non solo durare nel tempo, ma rinnovarsi, reinventarsi e proporre sempre iniziative dedicate a tutta la cittadinanza.\u00a0\u00a0 Per questo, il giorno 21\/09\/2022, con approvazione del Consiglio Direttivo, nasce ufficialmente la Sezione Giovani , [&hellip;]\" \/>\n<meta property=\"og:url\" content=\"https:\/\/www.prolocoaltessanovenaria.eu\/sito\/proloco-giovani\/\" \/>\n<meta property=\"og:site_name\" content=\"ProLoco Altessano Venaria\" \/>\n<meta property=\"article:publisher\" content=\"https:\/\/www.facebook.com\/Associazione-Turistica-Pro-Loco-Altessano-Venaria-Reale-1412029292342779\/\" \/>\n<meta property=\"article:modified_time\" content=\"2022-11-22T03:52:37+00:00\" \/>\n<meta property=\"og:image\" content=\"https:\/\/www.prolocoaltessanovenaria.eu\/sito\/wp-content\/uploads\/2022\/11\/proloco-giovani.1-1024x575.jpg\" \/>\n<meta name=\"twitter:card\" content=\"summary_large_image\" \/>\n<meta name=\"twitter:label1\" content=\"Tempo di lettura stimato\" \/>\n\t<meta name=\"twitter:data1\" content=\"3 minuti\" \/>\n<script type=\"application\/ld+json\" class=\"yoast-schema-graph\">{\"@context\":\"https:\\\/\\\/schema.org\",\"@graph\":[{\"@type\":\"WebPage\",\"@id\":\"https:\\\/\\\/www.prolocoaltessanovenaria.eu\\\/sito\\\/proloco-giovani\\\/\",\"url\":\"https:\\\/\\\/www.prolocoaltessanovenaria.eu\\\/sito\\\/proloco-giovani\\\/\",\"name\":\"Pro Loco Giovani - ProLoco Altessano Venaria\",\"isPartOf\":{\"@id\":\"https:\\\/\\\/www.prolocoaltessanovenaria.eu\\\/sito\\\/#website\"},\"primaryImageOfPage\":{\"@id\":\"https:\\\/\\\/www.prolocoaltessanovenaria.eu\\\/sito\\\/proloco-giovani\\\/#primaryimage\"},\"image\":{\"@id\":\"https:\\\/\\\/www.prolocoaltessanovenaria.eu\\\/sito\\\/proloco-giovani\\\/#primaryimage\"},\"thumbnailUrl\":\"https:\\\/\\\/www.prolocoaltessanovenaria.eu\\\/sito\\\/wp-content\\\/uploads\\\/2022\\\/11\\\/proloco-giovani.1-1024x575.jpg\",\"datePublished\":\"2022-11-22T02:49:50+00:00\",\"dateModified\":\"2022-11-22T03:52:37+00:00\",\"breadcrumb\":{\"@id\":\"https:\\\/\\\/www.prolocoaltessanovenaria.eu\\\/sito\\\/proloco-giovani\\\/#breadcrumb\"},\"inLanguage\":\"it-IT\",\"potentialAction\":[{\"@type\":\"ReadAction\",\"target\":[\"https:\\\/\\\/www.prolocoaltessanovenaria.eu\\\/sito\\\/proloco-giovani\\\/\"]}]},{\"@type\":\"ImageObject\",\"inLanguage\":\"it-IT\",\"@id\":\"https:\\\/\\\/www.prolocoaltessanovenaria.eu\\\/sito\\\/proloco-giovani\\\/#primaryimage\",\"url\":\"https:\\\/\\\/www.prolocoaltessanovenaria.eu\\\/sito\\\/wp-content\\\/uploads\\\/2022\\\/11\\\/proloco-giovani.1.jpg\",\"contentUrl\":\"https:\\\/\\\/www.prolocoaltessanovenaria.eu\\\/sito\\\/wp-content\\\/uploads\\\/2022\\\/11\\\/proloco-giovani.1.jpg\",\"width\":1583,\"height\":889},{\"@type\":\"BreadcrumbList\",\"@id\":\"https:\\\/\\\/www.prolocoaltessanovenaria.eu\\\/sito\\\/proloco-giovani\\\/#breadcrumb\",\"itemListElement\":[{\"@type\":\"ListItem\",\"position\":1,\"name\":\"Home\",\"item\":\"https:\\\/\\\/www.prolocoaltessanovenaria.eu\\\/sito\\\/\"},{\"@type\":\"ListItem\",\"position\":2,\"name\":\"Pro Loco Giovani\"}]},{\"@type\":\"WebSite\",\"@id\":\"https:\\\/\\\/www.prolocoaltessanovenaria.eu\\\/sito\\\/#website\",\"url\":\"https:\\\/\\\/www.prolocoaltessanovenaria.eu\\\/sito\\\/\",\"name\":\"ProLoco Altessano Venaria\",\"description\":\"Associazione Turistica ProLoco Altessano Venaria\",\"publisher\":{\"@id\":\"https:\\\/\\\/www.prolocoaltessanovenaria.eu\\\/sito\\\/#organization\"},\"potentialAction\":[{\"@type\":\"SearchAction\",\"target\":{\"@type\":\"EntryPoint\",\"urlTemplate\":\"https:\\\/\\\/www.prolocoaltessanovenaria.eu\\\/sito\\\/?s={search_term_string}\"},\"query-input\":{\"@type\":\"PropertyValueSpecification\",\"valueRequired\":true,\"valueName\":\"search_term_string\"}}],\"inLanguage\":\"it-IT\"},{\"@type\":\"Organization\",\"@id\":\"https:\\\/\\\/www.prolocoaltessanovenaria.eu\\\/sito\\\/#organization\",\"name\":\"ProLoco Altessano Venaria\",\"url\":\"https:\\\/\\\/www.prolocoaltessanovenaria.eu\\\/sito\\\/\",\"logo\":{\"@type\":\"ImageObject\",\"inLanguage\":\"it-IT\",\"@id\":\"https:\\\/\\\/www.prolocoaltessanovenaria.eu\\\/sito\\\/#\\\/schema\\\/logo\\\/image\\\/\",\"url\":\"https:\\\/\\\/www.prolocoaltessanovenaria.eu\\\/sito\\\/wp-content\\\/uploads\\\/2015\\\/03\\\/losanga-logo-pro-loco.png\",\"contentUrl\":\"https:\\\/\\\/www.prolocoaltessanovenaria.eu\\\/sito\\\/wp-content\\\/uploads\\\/2015\\\/03\\\/losanga-logo-pro-loco.png\",\"width\":643,\"height\":143,\"caption\":\"ProLoco Altessano Venaria\"},\"image\":{\"@id\":\"https:\\\/\\\/www.prolocoaltessanovenaria.eu\\\/sito\\\/#\\\/schema\\\/logo\\\/image\\\/\"},\"sameAs\":[\"https:\\\/\\\/www.facebook.com\\\/Associazione-Turistica-Pro-Loco-Altessano-Venaria-Reale-1412029292342779\\\/\",\"https:\\\/\\\/www.instagram.com\\\/proloco_altessano_venaria\\\/\"]}]}<\/script>\n<!-- \/ Yoast SEO plugin. -->","yoast_head_json":{"title":"Pro Loco Giovani - ProLoco Altessano Venaria","robots":{"index":"index","follow":"follow","max-snippet":"max-snippet:-1","max-image-preview":"max-image-preview:large","max-video-preview":"max-video-preview:-1"},"canonical":"https:\/\/www.prolocoaltessanovenaria.eu\/sito\/proloco-giovani\/","og_locale":"it_IT","og_type":"article","og_title":"Pro Loco Giovani - ProLoco Altessano Venaria","og_description":"La Pro Loco Altessano \u2013 Venaria Reale crede fermamente che il contributo dei pi\u00f9 giovani sia vitale per ogni associazione che intende non solo durare nel tempo, ma rinnovarsi, reinventarsi e proporre sempre iniziative dedicate a tutta la cittadinanza.\u00a0\u00a0 Per questo, il giorno 21\/09\/2022, con approvazione del Consiglio Direttivo, nasce ufficialmente la Sezione Giovani , [&hellip;]","og_url":"https:\/\/www.prolocoaltessanovenaria.eu\/sito\/proloco-giovani\/","og_site_name":"ProLoco Altessano Venaria","article_publisher":"https:\/\/www.facebook.com\/Associazione-Turistica-Pro-Loco-Altessano-Venaria-Reale-1412029292342779\/","article_modified_time":"2022-11-22T03:52:37+00:00","og_image":[{"url":"https:\/\/www.prolocoaltessanovenaria.eu\/sito\/wp-content\/uploads\/2022\/11\/proloco-giovani.1-1024x575.jpg","type":"","width":"","height":""}],"twitter_card":"summary_large_image","twitter_misc":{"Tempo di lettura stimato":"3 minuti"},"schema":{"@context":"https:\/\/schema.org","@graph":[{"@type":"WebPage","@id":"https:\/\/www.prolocoaltessanovenaria.eu\/sito\/proloco-giovani\/","url":"https:\/\/www.prolocoaltessanovenaria.eu\/sito\/proloco-giovani\/","name":"Pro Loco Giovani - ProLoco Altessano Venaria","isPartOf":{"@id":"https:\/\/www.prolocoaltessanovenaria.eu\/sito\/#website"},"primaryImageOfPage":{"@id":"https:\/\/www.prolocoaltessanovenaria.eu\/sito\/proloco-giovani\/#primaryimage"},"image":{"@id":"https:\/\/www.prolocoaltessanovenaria.eu\/sito\/proloco-giovani\/#primaryimage"},"thumbnailUrl":"https:\/\/www.prolocoaltessanovenaria.eu\/sito\/wp-content\/uploads\/2022\/11\/proloco-giovani.1-1024x575.jpg","datePublished":"2022-11-22T02:49:50+00:00","dateModified":"2022-11-22T03:52:37+00:00","breadcrumb":{"@id":"https:\/\/www.prolocoaltessanovenaria.eu\/sito\/proloco-giovani\/#breadcrumb"},"inLanguage":"it-IT","potentialAction":[{"@type":"ReadAction","target":["https:\/\/www.prolocoaltessanovenaria.eu\/sito\/proloco-giovani\/"]}]},{"@type":"ImageObject","inLanguage":"it-IT","@id":"https:\/\/www.prolocoaltessanovenaria.eu\/sito\/proloco-giovani\/#primaryimage","url":"https:\/\/www.prolocoaltessanovenaria.eu\/sito\/wp-content\/uploads\/2022\/11\/proloco-giovani.1.jpg","contentUrl":"https:\/\/www.prolocoaltessanovenaria.eu\/sito\/wp-content\/uploads\/2022\/11\/proloco-giovani.1.jpg","width":1583,"height":889},{"@type":"BreadcrumbList","@id":"https:\/\/www.prolocoaltessanovenaria.eu\/sito\/proloco-giovani\/#breadcrumb","itemListElement":[{"@type":"ListItem","position":1,"name":"Home","item":"https:\/\/www.prolocoaltessanovenaria.eu\/sito\/"},{"@type":"ListItem","position":2,"name":"Pro Loco Giovani"}]},{"@type":"WebSite","@id":"https:\/\/www.prolocoaltessanovenaria.eu\/sito\/#website","url":"https:\/\/www.prolocoaltessanovenaria.eu\/sito\/","name":"ProLoco Altessano Venaria","description":"Associazione Turistica ProLoco Altessano Venaria","publisher":{"@id":"https:\/\/www.prolocoaltessanovenaria.eu\/sito\/#organization"},"potentialAction":[{"@type":"SearchAction","target":{"@type":"EntryPoint","urlTemplate":"https:\/\/www.prolocoaltessanovenaria.eu\/sito\/?s={search_term_string}"},"query-input":{"@type":"PropertyValueSpecification","valueRequired":true,"valueName":"search_term_string"}}],"inLanguage":"it-IT"},{"@type":"Organization","@id":"https:\/\/www.prolocoaltessanovenaria.eu\/sito\/#organization","name":"ProLoco Altessano Venaria","url":"https:\/\/www.prolocoaltessanovenaria.eu\/sito\/","logo":{"@type":"ImageObject","inLanguage":"it-IT","@id":"https:\/\/www.prolocoaltessanovenaria.eu\/sito\/#\/schema\/logo\/image\/","url":"https:\/\/www.prolocoaltessanovenaria.eu\/sito\/wp-content\/uploads\/2015\/03\/losanga-logo-pro-loco.png","contentUrl":"https:\/\/www.prolocoaltessanovenaria.eu\/sito\/wp-content\/uploads\/2015\/03\/losanga-logo-pro-loco.png","width":643,"height":143,"caption":"ProLoco Altessano Venaria"},"image":{"@id":"https:\/\/www.prolocoaltessanovenaria.eu\/sito\/#\/schema\/logo\/image\/"},"sameAs":["https:\/\/www.facebook.com\/Associazione-Turistica-Pro-Loco-Altessano-Venaria-Reale-1412029292342779\/","https:\/\/www.instagram.com\/proloco_altessano_venaria\/"]}]}},"_links":{"self":[{"href":"https:\/\/www.prolocoaltessanovenaria.eu\/sito\/wp-json\/wp\/v2\/pages\/11179","targetHints":{"allow":["GET"]}}],"collection":[{"href":"https:\/\/www.prolocoaltessanovenaria.eu\/sito\/wp-json\/wp\/v2\/pages"}],"about":[{"href":"https:\/\/www.prolocoaltessanovenaria.eu\/sito\/wp-json\/wp\/v2\/types\/page"}],"author":[{"embeddable":true,"href":"https:\/\/www.prolocoaltessanovenaria.eu\/sito\/wp-json\/wp\/v2\/users\/7"}],"replies":[{"embeddable":true,"href":"https:\/\/www.prolocoaltessanovenaria.eu\/sito\/wp-json\/wp\/v2\/comments?post=11179"}],"version-history":[{"count":17,"href":"https:\/\/www.prolocoaltessanovenaria.eu\/sito\/wp-json\/wp\/v2\/pages\/11179\/revisions"}],"predecessor-version":[{"id":11199,"href":"https:\/\/www.prolocoaltessanovenaria.eu\/sito\/wp-json\/wp\/v2\/pages\/11179\/revisions\/11199"}],"wp:attachment":[{"href":"https:\/\/www.prolocoaltessanovenaria.eu\/sito\/wp-json\/wp\/v2\/media?parent=11179"}],"curies":[{"name":"wp","href":"https:\/\/api.w.org\/{rel}","templated":true}]}}