{"id":12007,"date":"2023-01-27T17:45:06","date_gmt":"2023-01-27T16:45:06","guid":{"rendered":"https:\/\/www.prolocoaltessanovenaria.eu\/sito\/?page_id=12007"},"modified":"2023-01-27T18:52:45","modified_gmt":"2023-01-27T17:52:45","slug":"gruppo-storico-conti-di-cremieu","status":"publish","type":"page","link":"https:\/\/www.prolocoaltessanovenaria.eu\/sito\/gruppo-storico-conti-di-cremieu\/","title":{"rendered":"Gruppo Storico Conti di Cremieu"},"content":{"rendered":"\t\t<div data-elementor-type=\"wp-page\" data-elementor-id=\"12007\" class=\"elementor elementor-12007\" data-elementor-post-type=\"page\">\n\t\t\t\t\t\t<section class=\"elementor-section elementor-top-section elementor-element elementor-element-b754205 elementor-section-boxed elementor-section-height-default elementor-section-height-default\" data-id=\"b754205\" data-element_type=\"section\" data-e-type=\"section\">\n\t\t\t\t\t\t<div class=\"elementor-container elementor-column-gap-default\">\n\t\t\t\t\t<div class=\"elementor-column elementor-col-50 elementor-top-column elementor-element elementor-element-3c0cbd5\" data-id=\"3c0cbd5\" data-element_type=\"column\" data-e-type=\"column\">\n\t\t\t<div class=\"elementor-widget-wrap elementor-element-populated\">\n\t\t\t\t\t\t<div class=\"elementor-element elementor-element-52ff57a elementor-widget elementor-widget-text-editor\" data-id=\"52ff57a\" data-element_type=\"widget\" data-e-type=\"widget\" data-widget_type=\"text-editor.default\">\n\t\t\t\t<div class=\"elementor-widget-container\">\n\t\t\t\t\t\t\t\t\t<p>Il Gruppo Storico Conti di Cremieu nasce come gruppo della Pro Loco Altessano \u2013 Venaria Reale nel lontano 1998, dopo circa 6 anni il Gruppo sospende le attivit\u00e0 per riprenderle in occasione del Palio dei Mangia Coussot il 10 settembre 2017 durante la Festa Patronale di San Marchese.<br \/>Dal 2020 il Gruppo \u00e8 membro del \u201cComitato Personaggi Storici e Folcloristici Piemontesi\u201d e inserito nell\u2019Albo dei Gruppi Storici della Citt\u00e0 Metropolitana di Torino.<br \/>Il gruppo consta di circa 25 elementi tutti in abiti del tardo \u2018500 che partecipano regolarmente a rappresentazioni storiche, investiture e Carnevali realizzando oltre 60 uscite sul territorio.<\/p>\t\t\t\t\t\t\t\t<\/div>\n\t\t\t\t<\/div>\n\t\t\t\t<div class=\"elementor-element elementor-element-40d839f elementor-widget elementor-widget-image\" data-id=\"40d839f\" data-element_type=\"widget\" data-e-type=\"widget\" data-widget_type=\"image.default\">\n\t\t\t\t<div class=\"elementor-widget-container\">\n\t\t\t\t\t\t\t\t\t\t\t\t\t\t\t<img fetchpriority=\"high\" decoding=\"async\" width=\"800\" height=\"533\" src=\"https:\/\/www.prolocoaltessanovenaria.eu\/sito\/wp-content\/uploads\/2023\/01\/foto2.jpg\" class=\"attachment-large size-large wp-image-12042\" alt=\"\" srcset=\"https:\/\/www.prolocoaltessanovenaria.eu\/sito\/wp-content\/uploads\/2023\/01\/foto2.jpg 960w, https:\/\/www.prolocoaltessanovenaria.eu\/sito\/wp-content\/uploads\/2023\/01\/foto2-300x200.jpg 300w, https:\/\/www.prolocoaltessanovenaria.eu\/sito\/wp-content\/uploads\/2023\/01\/foto2-768x512.jpg 768w, https:\/\/www.prolocoaltessanovenaria.eu\/sito\/wp-content\/uploads\/2023\/01\/foto2-272x182.jpg 272w\" sizes=\"(max-width: 800px) 100vw, 800px\" \/>\t\t\t\t\t\t\t\t\t\t\t\t\t\t\t<\/div>\n\t\t\t\t<\/div>\n\t\t\t\t\t<\/div>\n\t\t<\/div>\n\t\t\t\t<div class=\"elementor-column elementor-col-50 elementor-top-column elementor-element elementor-element-0ef0514\" data-id=\"0ef0514\" data-element_type=\"column\" data-e-type=\"column\">\n\t\t\t<div class=\"elementor-widget-wrap elementor-element-populated\">\n\t\t\t\t\t\t<div class=\"elementor-element elementor-element-6354fab elementor-widget elementor-widget-image\" data-id=\"6354fab\" data-element_type=\"widget\" data-e-type=\"widget\" data-widget_type=\"image.default\">\n\t\t\t\t<div class=\"elementor-widget-container\">\n\t\t\t\t\t\t\t\t\t\t\t\t\t\t\t<img decoding=\"async\" width=\"310\" height=\"611\" src=\"https:\/\/www.prolocoaltessanovenaria.eu\/sito\/wp-content\/uploads\/2023\/01\/logo-grande.png\" class=\"attachment-large size-large wp-image-12030\" alt=\"\" srcset=\"https:\/\/www.prolocoaltessanovenaria.eu\/sito\/wp-content\/uploads\/2023\/01\/logo-grande.png 310w, https:\/\/www.prolocoaltessanovenaria.eu\/sito\/wp-content\/uploads\/2023\/01\/logo-grande-152x300.png 152w\" sizes=\"(max-width: 310px) 100vw, 310px\" \/>\t\t\t\t\t\t\t\t\t\t\t\t\t\t\t<\/div>\n\t\t\t\t<\/div>\n\t\t\t\t\t<\/div>\n\t\t<\/div>\n\t\t\t\t\t<\/div>\n\t\t<\/section>\n\t\t\t\t<section class=\"elementor-section elementor-top-section elementor-element elementor-element-3fe47a0 elementor-section-boxed elementor-section-height-default elementor-section-height-default\" data-id=\"3fe47a0\" data-element_type=\"section\" data-e-type=\"section\">\n\t\t\t\t\t\t<div class=\"elementor-container elementor-column-gap-default\">\n\t\t\t\t\t<div class=\"elementor-column elementor-col-100 elementor-top-column elementor-element elementor-element-816dce8\" data-id=\"816dce8\" data-element_type=\"column\" data-e-type=\"column\">\n\t\t\t<div class=\"elementor-widget-wrap elementor-element-populated\">\n\t\t\t\t\t\t<div class=\"elementor-element elementor-element-d8ae64b elementor-widget elementor-widget-heading\" data-id=\"d8ae64b\" data-element_type=\"widget\" data-e-type=\"widget\" data-widget_type=\"heading.default\">\n\t\t\t\t<div class=\"elementor-widget-container\">\n\t\t\t\t\t<h2 class=\"elementor-heading-title elementor-size-default\">Cenni storici<\/h2>\t\t\t\t<\/div>\n\t\t\t\t<\/div>\n\t\t\t\t\t<\/div>\n\t\t<\/div>\n\t\t\t\t\t<\/div>\n\t\t<\/section>\n\t\t\t\t<section class=\"elementor-section elementor-top-section elementor-element elementor-element-1c5c6f3 elementor-section-boxed elementor-section-height-default elementor-section-height-default\" data-id=\"1c5c6f3\" data-element_type=\"section\" data-e-type=\"section\">\n\t\t\t\t\t\t<div class=\"elementor-container elementor-column-gap-default\">\n\t\t\t\t\t<div class=\"elementor-column elementor-col-100 elementor-top-column elementor-element elementor-element-ad8b2f9\" data-id=\"ad8b2f9\" data-element_type=\"column\" data-e-type=\"column\">\n\t\t\t<div class=\"elementor-widget-wrap elementor-element-populated\">\n\t\t\t\t\t\t<div class=\"elementor-element elementor-element-e008911 elementor-widget elementor-widget-text-editor\" data-id=\"e008911\" data-element_type=\"widget\" data-e-type=\"widget\" data-widget_type=\"text-editor.default\">\n\t\t\t\t<div class=\"elementor-widget-container\">\n\t\t\t\t\t\t\t\t\t<p>Il casato dei Cremieu fond\u00f2 le sue radici nel Delfinato. Il capostipite Guyot Henry, appartenente alla borghesia lionese, arricchita dai commerci secolari, spos\u00f2 Pernelle Faure ed ebbe tre figli: Guyot, Fran\u00e7ois e Nicolas.<br \/>Egli acquist\u00f2 il 13 ottobre1543, in una sorta di asta ove nessuno aveva offerto un prezzo migliore, le castellanie, i mandati e le signorie di Quirieu, di Cremieu e di la Prunier, tesoriere generale del Delfinato. Prese possesso del feudo il 26 ottobre 1543 da un commissario della Camera dei conti di Grenoble che gli consegn\u00f2 le chiavi del castello di Cremieu e un breve inventario. Muore nel 1545. Il figlio Nicolas Henry de Cremieu, con il trattato di Cateau-Cambr\u00e9sis (1559) che riconsegnava la Savoia e il Piemonte ai Savoia, si trasfer\u00ec a Torino per dedicarsi maggiormente al servizio del duca Emanuele Filiberto. Naturalizzato francese Nicolas (Nicolao) Henry de Cremieu, insieme alla sua famiglia, nel 1576, prosegu\u00ec l\u2019opera di espansione territoriale nel ducato sabaudo, dopo aver dismesso progressivamente tutti i possedimenti d\u2019oltralpe vendendoli ai suoi cugini Guillaume e Jean Henry. Il gentiluomo, spos\u00f2 Violante figlia di Filippo conte di Savoia \u2013 Racconigi, la maggiore di sei sorelle, ultima erede del ramo dei Savoia-Racconigi, derivanti dagli Acaja, principi di Piemonte.<br \/>Il duca Emanuele Filiberto nel 1565 cedette al Conte Nicolas Henry de Cremieu, suo Scudiero, il feudo di Altessano Inferiore, con il beneficio dell\u2019ereditariet\u00e0.<br \/>Ci\u00f2 signific\u00f2 che alla morte senza eredi del Conte, Altessano sarebbe tornato<br \/>ai Savoia. \u00abnell\u2019anno della nativit\u00e0 1564 il 10 giugno [\u2026] il seren signore Emanuele Filiberto duca di Savoia Principe di Piemonte [\u2026] per titolo di pura e mera vendita ha dato [\u2026] ad Ill. sign. di Cremieu, per s\u00e9, suoi eredi e successori [\u2026] il luogo di Altessano di basso come sua giurisdizione, fedelt\u00e0 d\u2019uomini, Palazzo, Casamenti, Giardini, Grange, possessioni, prati, boschi, molino, resiga, porto di sopra il fiume Stura e Ceronda, Bealere, acque e acquedotti e ci\u00f2 per il prezzo di scudi 24\/m d\u2019oro del sole di buona lega e giusto peso [\u2026] S.A. eregisce il suddetto luogo territorio e permanenze d\u2019Altessano in titolo di Contado\u00bb.<br \/>Nicolas Henry de Cremieu provvide a restaurare il castello di Altessano Inferiore ove stabil\u00ec la sua residenza1. Istitu\u00ec la Parrocchia concedendo in dote 36 giornate di terreno, ne finanzi\u00f2 il restauro, acquisendo il diritto di nomina dei Prevosti, in accordo dell\u2019arcivescovo di Torino card. Girolamo della Rovere.<br \/>Il 14 novembre 1577 Nicolas Henry de Cremieu chiese e ottenne dal cardinale Gerolamo della Rovere, di dividere le chiese di Altessano Inferiore (san Lorenzo) e di Altessano Superiore (beata Maria Vergine), costituendole in parrocchie distinte. La prima visita pastorale del nunzio mons. Angelo Peruzzi, avvenuta tra il 1584 e il 1585, ne attesta la separazione.<br \/>Nello stesso anno, Don Giovanni Boeti di Foglizzo (Ivrea) venne indicato dal Conte di Altessano Inferiore, Nicolas Henry de Cremieu, come parroco al Cardinale Gerolamo<br \/>della Rovere. Don Giovanni Boeti morir\u00e0 nel febbraio 1608 dopo 31 anni di cura parrocchiale. Alla morte di Nicolas, il figlio Ottavio secondo Conte di Altessano, ancora in minore et\u00e0, venne investito dei feudi sotto la tutela della madre Violante.<br \/>Il duca Carlo Emanuele I, il 10 ottobre 1602, gli fece dono di altri feudi in Altessano Superiore, un tempo di propriet\u00e0 del Capitano Angle di Villa, essendo questi deceduto senza eredi.<br \/>Tra il 1603 e il 1607 venne nominato gran scudiere. Rapida fu l\u2019ascesa al potere del giovane Ottavio, era infatti entrato a corte in qualit\u00e0 di paggio, diventando<br \/>gentiluomo di camera nel 1589 e primo scudiere nel 1593. In segno di affetto nei suoi confronti, il duca Carlo Emanuele I nel testamento del 1605 stabiliva di lasciargli \u00abtutta la nostra stalla, un par d\u2019armi, una spada delle nostre et cinquecento scudi d\u2019entrata per lui et suoi figlioli\u00bb. Tale stima da parte di Carlo Emanuele I non imped\u00ec per\u00f2 che il gran scudiere, coinvolto in uno scandalo di corte, probabilmente nel 1607, venisse poi allontanato da Torino e \u00abprivato di offici con disgrazia di<br \/>Sua Altezza\u00bb Evidentemente la punizione di Ottavio fu temporanea perch\u00e9 Il 14 aprile 1608, lo troviamo nel pieno delle sue funzioni. Infatti indic\u00f2 Don Giovanni Cristoforo Settimo di Strambino (Ivrea), come parroco di Altessano Inferiore<br \/>all\u2019arcivescovo di Torino Carlo Broglia. Don Giovanni Cristoforo Settimo rinuncer\u00e0 all\u2019incarico il 30 giugno 1631 dopo 23 anni di cura parrocchiale.<br \/>Al signore di Altessano Inferiore, Ottavio Henry de Cremieu, si deve il ritrovamento delle reliquie di San Marchese, patrono del Borgo di Altessano. Infatti il ritrovamento avvenne il 26 giugno 1604 all\u2019interno di una cappella tardo romana, alla presenza del cardinal arcivescovo Carlo Broglia, del duca di Savoia Carlo Emanuele I, del signore Ottavio Henry de Cremieu, conte di Altessano, sotto l\u2019altar maggiore venne alla luce una cassetta lignea, ormai consunta, contenente le reliquie del santo.<br \/>Il conte Ottavio Henry de Cremieu, muore in giovane et\u00e0 nel 1609 senza discendenza. Il patrimonio degli Henry di Cremieu pervenne ai Provana di Druento grazie al matrimonio tra Carlo Provana e Paola Cristina Henry, che aveva a sua volta ereditato i beni di famiglia dal fratello Ottavio. Infatti Paola Henry de Cremieu, figlia di Nicolas, spos\u00f2 nel 1580 Carlo di Provana figlio di Niccol\u00f2. Le lettere patenti di donazione del duca Carlo Emanuele I del 22 settembre 1580, con il suddetto matrimonio, favorirono alla famiglia Provana l\u2019accumulo di una serie di feudi e di propriet\u00e0 allodiali, tutte situate dalla Madonna di Campagna verso le terre di Druent e di Altessano, costituendo un insieme territoriale di notevole estensione, reddito e potere.<br \/>Carlo di Provana morir\u00e0 nel 1599.<\/p>\t\t\t\t\t\t\t\t<\/div>\n\t\t\t\t<\/div>\n\t\t\t\t\t<\/div>\n\t\t<\/div>\n\t\t\t\t\t<\/div>\n\t\t<\/section>\n\t\t\t\t<\/div>\n\t\t","protected":false},"excerpt":{"rendered":"<p>Il Gruppo Storico Conti di Cremieu nasce come gruppo della Pro Loco Altessano \u2013 Venaria Reale nel lontano 1998, dopo circa 6 anni il Gruppo sospende le attivit\u00e0 per riprenderle in occasione del Palio dei Mangia Coussot il 10 settembre 2017 durante la Festa Patronale di San Marchese.Dal 2020 il Gruppo \u00e8 membro del \u201cComitato [&hellip;]<\/p>\n","protected":false},"author":7,"featured_media":0,"parent":0,"menu_order":0,"comment_status":"closed","ping_status":"closed","template":"","meta":{"footnotes":""},"class_list":["post-12007","page","type-page","status-publish","hentry"],"yoast_head":"<!-- This site is optimized with the Yoast SEO plugin v27.3 - https:\/\/yoast.com\/product\/yoast-seo-wordpress\/ -->\n<title>Gruppo Storico Conti di Cremieu - ProLoco Altessano Venaria<\/title>\n<meta name=\"robots\" content=\"index, follow, max-snippet:-1, max-image-preview:large, max-video-preview:-1\" \/>\n<link rel=\"canonical\" href=\"https:\/\/www.prolocoaltessanovenaria.eu\/sito\/gruppo-storico-conti-di-cremieu\/\" \/>\n<meta property=\"og:locale\" content=\"it_IT\" \/>\n<meta property=\"og:type\" content=\"article\" \/>\n<meta property=\"og:title\" content=\"Gruppo Storico Conti di Cremieu - ProLoco Altessano Venaria\" \/>\n<meta property=\"og:description\" content=\"Il Gruppo Storico Conti di Cremieu nasce come gruppo della Pro Loco Altessano \u2013 Venaria Reale nel lontano 1998, dopo circa 6 anni il Gruppo sospende le attivit\u00e0 per riprenderle in occasione del Palio dei Mangia Coussot il 10 settembre 2017 durante la Festa Patronale di San Marchese.Dal 2020 il Gruppo \u00e8 membro del \u201cComitato [&hellip;]\" \/>\n<meta property=\"og:url\" content=\"https:\/\/www.prolocoaltessanovenaria.eu\/sito\/gruppo-storico-conti-di-cremieu\/\" \/>\n<meta property=\"og:site_name\" content=\"ProLoco Altessano Venaria\" \/>\n<meta property=\"article:publisher\" content=\"https:\/\/www.facebook.com\/Associazione-Turistica-Pro-Loco-Altessano-Venaria-Reale-1412029292342779\/\" \/>\n<meta property=\"article:modified_time\" content=\"2023-01-27T17:52:45+00:00\" \/>\n<meta property=\"og:image\" content=\"https:\/\/www.prolocoaltessanovenaria.eu\/sito\/wp-content\/uploads\/2023\/01\/foto2.jpg\" \/>\n<meta name=\"twitter:card\" content=\"summary_large_image\" \/>\n<meta name=\"twitter:label1\" content=\"Tempo di lettura stimato\" \/>\n\t<meta name=\"twitter:data1\" content=\"6 minuti\" \/>\n<script type=\"application\/ld+json\" class=\"yoast-schema-graph\">{\"@context\":\"https:\\\/\\\/schema.org\",\"@graph\":[{\"@type\":\"WebPage\",\"@id\":\"https:\\\/\\\/www.prolocoaltessanovenaria.eu\\\/sito\\\/gruppo-storico-conti-di-cremieu\\\/\",\"url\":\"https:\\\/\\\/www.prolocoaltessanovenaria.eu\\\/sito\\\/gruppo-storico-conti-di-cremieu\\\/\",\"name\":\"Gruppo Storico Conti di Cremieu - ProLoco Altessano Venaria\",\"isPartOf\":{\"@id\":\"https:\\\/\\\/www.prolocoaltessanovenaria.eu\\\/sito\\\/#website\"},\"primaryImageOfPage\":{\"@id\":\"https:\\\/\\\/www.prolocoaltessanovenaria.eu\\\/sito\\\/gruppo-storico-conti-di-cremieu\\\/#primaryimage\"},\"image\":{\"@id\":\"https:\\\/\\\/www.prolocoaltessanovenaria.eu\\\/sito\\\/gruppo-storico-conti-di-cremieu\\\/#primaryimage\"},\"thumbnailUrl\":\"https:\\\/\\\/www.prolocoaltessanovenaria.eu\\\/sito\\\/wp-content\\\/uploads\\\/2023\\\/01\\\/foto2.jpg\",\"datePublished\":\"2023-01-27T16:45:06+00:00\",\"dateModified\":\"2023-01-27T17:52:45+00:00\",\"breadcrumb\":{\"@id\":\"https:\\\/\\\/www.prolocoaltessanovenaria.eu\\\/sito\\\/gruppo-storico-conti-di-cremieu\\\/#breadcrumb\"},\"inLanguage\":\"it-IT\",\"potentialAction\":[{\"@type\":\"ReadAction\",\"target\":[\"https:\\\/\\\/www.prolocoaltessanovenaria.eu\\\/sito\\\/gruppo-storico-conti-di-cremieu\\\/\"]}]},{\"@type\":\"ImageObject\",\"inLanguage\":\"it-IT\",\"@id\":\"https:\\\/\\\/www.prolocoaltessanovenaria.eu\\\/sito\\\/gruppo-storico-conti-di-cremieu\\\/#primaryimage\",\"url\":\"https:\\\/\\\/www.prolocoaltessanovenaria.eu\\\/sito\\\/wp-content\\\/uploads\\\/2023\\\/01\\\/foto2.jpg\",\"contentUrl\":\"https:\\\/\\\/www.prolocoaltessanovenaria.eu\\\/sito\\\/wp-content\\\/uploads\\\/2023\\\/01\\\/foto2.jpg\",\"width\":960,\"height\":640},{\"@type\":\"BreadcrumbList\",\"@id\":\"https:\\\/\\\/www.prolocoaltessanovenaria.eu\\\/sito\\\/gruppo-storico-conti-di-cremieu\\\/#breadcrumb\",\"itemListElement\":[{\"@type\":\"ListItem\",\"position\":1,\"name\":\"Home\",\"item\":\"https:\\\/\\\/www.prolocoaltessanovenaria.eu\\\/sito\\\/\"},{\"@type\":\"ListItem\",\"position\":2,\"name\":\"Gruppo Storico Conti di Cremieu\"}]},{\"@type\":\"WebSite\",\"@id\":\"https:\\\/\\\/www.prolocoaltessanovenaria.eu\\\/sito\\\/#website\",\"url\":\"https:\\\/\\\/www.prolocoaltessanovenaria.eu\\\/sito\\\/\",\"name\":\"ProLoco Altessano Venaria\",\"description\":\"Associazione Turistica ProLoco Altessano Venaria\",\"publisher\":{\"@id\":\"https:\\\/\\\/www.prolocoaltessanovenaria.eu\\\/sito\\\/#organization\"},\"potentialAction\":[{\"@type\":\"SearchAction\",\"target\":{\"@type\":\"EntryPoint\",\"urlTemplate\":\"https:\\\/\\\/www.prolocoaltessanovenaria.eu\\\/sito\\\/?s={search_term_string}\"},\"query-input\":{\"@type\":\"PropertyValueSpecification\",\"valueRequired\":true,\"valueName\":\"search_term_string\"}}],\"inLanguage\":\"it-IT\"},{\"@type\":\"Organization\",\"@id\":\"https:\\\/\\\/www.prolocoaltessanovenaria.eu\\\/sito\\\/#organization\",\"name\":\"ProLoco Altessano Venaria\",\"url\":\"https:\\\/\\\/www.prolocoaltessanovenaria.eu\\\/sito\\\/\",\"logo\":{\"@type\":\"ImageObject\",\"inLanguage\":\"it-IT\",\"@id\":\"https:\\\/\\\/www.prolocoaltessanovenaria.eu\\\/sito\\\/#\\\/schema\\\/logo\\\/image\\\/\",\"url\":\"https:\\\/\\\/www.prolocoaltessanovenaria.eu\\\/sito\\\/wp-content\\\/uploads\\\/2015\\\/03\\\/losanga-logo-pro-loco.png\",\"contentUrl\":\"https:\\\/\\\/www.prolocoaltessanovenaria.eu\\\/sito\\\/wp-content\\\/uploads\\\/2015\\\/03\\\/losanga-logo-pro-loco.png\",\"width\":643,\"height\":143,\"caption\":\"ProLoco Altessano Venaria\"},\"image\":{\"@id\":\"https:\\\/\\\/www.prolocoaltessanovenaria.eu\\\/sito\\\/#\\\/schema\\\/logo\\\/image\\\/\"},\"sameAs\":[\"https:\\\/\\\/www.facebook.com\\\/Associazione-Turistica-Pro-Loco-Altessano-Venaria-Reale-1412029292342779\\\/\",\"https:\\\/\\\/www.instagram.com\\\/proloco_altessano_venaria\\\/\"]}]}<\/script>\n<!-- \/ Yoast SEO plugin. -->","yoast_head_json":{"title":"Gruppo Storico Conti di Cremieu - ProLoco Altessano Venaria","robots":{"index":"index","follow":"follow","max-snippet":"max-snippet:-1","max-image-preview":"max-image-preview:large","max-video-preview":"max-video-preview:-1"},"canonical":"https:\/\/www.prolocoaltessanovenaria.eu\/sito\/gruppo-storico-conti-di-cremieu\/","og_locale":"it_IT","og_type":"article","og_title":"Gruppo Storico Conti di Cremieu - ProLoco Altessano Venaria","og_description":"Il Gruppo Storico Conti di Cremieu nasce come gruppo della Pro Loco Altessano \u2013 Venaria Reale nel lontano 1998, dopo circa 6 anni il Gruppo sospende le attivit\u00e0 per riprenderle in occasione del Palio dei Mangia Coussot il 10 settembre 2017 durante la Festa Patronale di San Marchese.Dal 2020 il Gruppo \u00e8 membro del \u201cComitato [&hellip;]","og_url":"https:\/\/www.prolocoaltessanovenaria.eu\/sito\/gruppo-storico-conti-di-cremieu\/","og_site_name":"ProLoco Altessano Venaria","article_publisher":"https:\/\/www.facebook.com\/Associazione-Turistica-Pro-Loco-Altessano-Venaria-Reale-1412029292342779\/","article_modified_time":"2023-01-27T17:52:45+00:00","og_image":[{"url":"https:\/\/www.prolocoaltessanovenaria.eu\/sito\/wp-content\/uploads\/2023\/01\/foto2.jpg","type":"","width":"","height":""}],"twitter_card":"summary_large_image","twitter_misc":{"Tempo di lettura stimato":"6 minuti"},"schema":{"@context":"https:\/\/schema.org","@graph":[{"@type":"WebPage","@id":"https:\/\/www.prolocoaltessanovenaria.eu\/sito\/gruppo-storico-conti-di-cremieu\/","url":"https:\/\/www.prolocoaltessanovenaria.eu\/sito\/gruppo-storico-conti-di-cremieu\/","name":"Gruppo Storico Conti di Cremieu - ProLoco Altessano Venaria","isPartOf":{"@id":"https:\/\/www.prolocoaltessanovenaria.eu\/sito\/#website"},"primaryImageOfPage":{"@id":"https:\/\/www.prolocoaltessanovenaria.eu\/sito\/gruppo-storico-conti-di-cremieu\/#primaryimage"},"image":{"@id":"https:\/\/www.prolocoaltessanovenaria.eu\/sito\/gruppo-storico-conti-di-cremieu\/#primaryimage"},"thumbnailUrl":"https:\/\/www.prolocoaltessanovenaria.eu\/sito\/wp-content\/uploads\/2023\/01\/foto2.jpg","datePublished":"2023-01-27T16:45:06+00:00","dateModified":"2023-01-27T17:52:45+00:00","breadcrumb":{"@id":"https:\/\/www.prolocoaltessanovenaria.eu\/sito\/gruppo-storico-conti-di-cremieu\/#breadcrumb"},"inLanguage":"it-IT","potentialAction":[{"@type":"ReadAction","target":["https:\/\/www.prolocoaltessanovenaria.eu\/sito\/gruppo-storico-conti-di-cremieu\/"]}]},{"@type":"ImageObject","inLanguage":"it-IT","@id":"https:\/\/www.prolocoaltessanovenaria.eu\/sito\/gruppo-storico-conti-di-cremieu\/#primaryimage","url":"https:\/\/www.prolocoaltessanovenaria.eu\/sito\/wp-content\/uploads\/2023\/01\/foto2.jpg","contentUrl":"https:\/\/www.prolocoaltessanovenaria.eu\/sito\/wp-content\/uploads\/2023\/01\/foto2.jpg","width":960,"height":640},{"@type":"BreadcrumbList","@id":"https:\/\/www.prolocoaltessanovenaria.eu\/sito\/gruppo-storico-conti-di-cremieu\/#breadcrumb","itemListElement":[{"@type":"ListItem","position":1,"name":"Home","item":"https:\/\/www.prolocoaltessanovenaria.eu\/sito\/"},{"@type":"ListItem","position":2,"name":"Gruppo Storico Conti di Cremieu"}]},{"@type":"WebSite","@id":"https:\/\/www.prolocoaltessanovenaria.eu\/sito\/#website","url":"https:\/\/www.prolocoaltessanovenaria.eu\/sito\/","name":"ProLoco Altessano Venaria","description":"Associazione Turistica ProLoco Altessano Venaria","publisher":{"@id":"https:\/\/www.prolocoaltessanovenaria.eu\/sito\/#organization"},"potentialAction":[{"@type":"SearchAction","target":{"@type":"EntryPoint","urlTemplate":"https:\/\/www.prolocoaltessanovenaria.eu\/sito\/?s={search_term_string}"},"query-input":{"@type":"PropertyValueSpecification","valueRequired":true,"valueName":"search_term_string"}}],"inLanguage":"it-IT"},{"@type":"Organization","@id":"https:\/\/www.prolocoaltessanovenaria.eu\/sito\/#organization","name":"ProLoco Altessano Venaria","url":"https:\/\/www.prolocoaltessanovenaria.eu\/sito\/","logo":{"@type":"ImageObject","inLanguage":"it-IT","@id":"https:\/\/www.prolocoaltessanovenaria.eu\/sito\/#\/schema\/logo\/image\/","url":"https:\/\/www.prolocoaltessanovenaria.eu\/sito\/wp-content\/uploads\/2015\/03\/losanga-logo-pro-loco.png","contentUrl":"https:\/\/www.prolocoaltessanovenaria.eu\/sito\/wp-content\/uploads\/2015\/03\/losanga-logo-pro-loco.png","width":643,"height":143,"caption":"ProLoco Altessano Venaria"},"image":{"@id":"https:\/\/www.prolocoaltessanovenaria.eu\/sito\/#\/schema\/logo\/image\/"},"sameAs":["https:\/\/www.facebook.com\/Associazione-Turistica-Pro-Loco-Altessano-Venaria-Reale-1412029292342779\/","https:\/\/www.instagram.com\/proloco_altessano_venaria\/"]}]}},"_links":{"self":[{"href":"https:\/\/www.prolocoaltessanovenaria.eu\/sito\/wp-json\/wp\/v2\/pages\/12007","targetHints":{"allow":["GET"]}}],"collection":[{"href":"https:\/\/www.prolocoaltessanovenaria.eu\/sito\/wp-json\/wp\/v2\/pages"}],"about":[{"href":"https:\/\/www.prolocoaltessanovenaria.eu\/sito\/wp-json\/wp\/v2\/types\/page"}],"author":[{"embeddable":true,"href":"https:\/\/www.prolocoaltessanovenaria.eu\/sito\/wp-json\/wp\/v2\/users\/7"}],"replies":[{"embeddable":true,"href":"https:\/\/www.prolocoaltessanovenaria.eu\/sito\/wp-json\/wp\/v2\/comments?post=12007"}],"version-history":[{"count":38,"href":"https:\/\/www.prolocoaltessanovenaria.eu\/sito\/wp-json\/wp\/v2\/pages\/12007\/revisions"}],"predecessor-version":[{"id":12051,"href":"https:\/\/www.prolocoaltessanovenaria.eu\/sito\/wp-json\/wp\/v2\/pages\/12007\/revisions\/12051"}],"wp:attachment":[{"href":"https:\/\/www.prolocoaltessanovenaria.eu\/sito\/wp-json\/wp\/v2\/media?parent=12007"}],"curies":[{"name":"wp","href":"https:\/\/api.w.org\/{rel}","templated":true}]}}