{"id":244,"date":"2015-03-23T13:21:52","date_gmt":"2015-03-23T12:21:52","guid":{"rendered":"http:\/\/www.prolocoaltessanovenaria.eu\/sito\/?page_id=244"},"modified":"2021-10-23T09:56:42","modified_gmt":"2021-10-23T07:56:42","slug":"la-storia-delle-proloco","status":"publish","type":"page","link":"https:\/\/www.prolocoaltessanovenaria.eu\/sito\/la-storia-delle-proloco\/","title":{"rendered":"La Storia delle Proloco"},"content":{"rendered":"<div id=\"pl-244\"  class=\"panel-layout\" ><div id=\"pg-244-0\"  class=\"panel-grid panel-no-style\" ><div id=\"pgc-244-0-0\"  class=\"panel-grid-cell\" ><div id=\"panel-244-0-0-0\" class=\"so-panel widget widget_black-studio-tinymce widget_black_studio_tinymce panel-first-child panel-last-child\" data-index=\"0\" ><div class=\"textwidget\"><p style=\"text-align: justify;\"><span style=\"color: #000000;\"><strong>QUANDO E PERCH<b>\u00c9<\/b> NASCONO<\/strong><\/span><\/p>\n<p style=\"text-align: justify;\"><span style=\"color: #000000;\">La prima forma associativa, tra quelle che presentano le sembianze di una Pro Loco contemporanea, nasce a Pieve Tesino nel 1881 (allora impero Austro-Ungarico oggi Italia). Si tratta di un comitato denominato Societ\u00e0 d\u2019abbellimento che si pone come obiettivo il miglioramento estetico di una localit\u00e0 per favorire la sosta dei forestieri. Si istituzionalizza cos\u00ec un movimento che probabilmente esisteva da molto tempo, legato inizialmente alla mobilit\u00e0 generica delle persone pi\u00f9 che all\u2019idea odierna di turismo..<\/span><\/p>\n<p style=\"text-align: justify;\">Si chiamavano comitati di cura le prime Pro Loco nate nei lontani anni del primo 1900, e come gi\u00e0 avveniva in altri paesi europei, assumevano le denominazioni pi\u00f9 diverse: \u201cComitati di Cura\u201d, \u201cSociet\u00e0 per il concorso di forestieri\u201d, \u201cAssociazioni per il movimento dei forestieri\u201d, \u201cSociet\u00e0 di abbellimento\u201d oppure semplicemente \u201cPro\u201d.<\/p>\n<p style=\"text-align: justify;\">Il nome Pro Loco fu in breve tempo esteso a tutte le Associazioni Turistiche Locali e per questo\u00a0le\u00a0Pro Loco possono essere considerate le prime associazioni turistiche ricettive italiane.<\/p>\n<p style=\"text-align: justify;\">Il primo momento legislativo che interessa\u00a0le\u00a0Pro Loco risale al 1920 e precisamente alla seduta del 25 giugno.<\/p>\n<p style=\"text-align: justify;\">L\u2019anno successivo, vale a dire nel 1921, fu pubblicato il primo libro sulla storia\u00a0delle\u00a0Pro Loco:\u201d La funzione e l\u2019organizzazione delle Pro Loco\u201d.<\/p>\n<p style=\"text-align: justify;\">Nel dopoguerra\u00a0le\u00a0Pro Loco riprendono la loro attivit\u00e0 e, soltanto il 29 giugno 1962, nel corso del convegno delle Pro Loco Trivenete svoltosi a Recoaro, fu proposta la costituzione di un\u2019associazione che avesse funzioni di coordinamento e di rappresentativit\u00e0 a livello nazionale.<\/p>\n<p style=\"text-align: justify;\">Nel settembre dello stesso anno, nasceva l\u2019<strong>UNPLI<\/strong>, Unione\u00a0\u00a0Nazionale Pro Loco d\u2019Italia*, che gi\u00e0 nel 1965 otteneva l\u2019istituzione dell\u2019albo nazionale delle Pro Loco presso il Ministero del Turismo e dello Spettacolo, Albo che, con il trasferimento delle competenze in materia al turismo alle Regioni, diveniva \u201c<strong>Regionale<\/strong>\u201d e, in alcuni casi, \u201c<strong>Provinciale<\/strong>\u201d.<\/p>\n<p style=\"text-align: justify;\">In Italia\u00a0le\u00a0Pro Loco sono quasi 6000; 650.000 sono i soci; 20.000 tra manifestazioni ed iniziative di successo.<\/p>\n<p style=\"text-align: justify;\"><span style=\"color: #000000;\"><strong>STORIA LEGISLATIVA<\/strong><\/span><\/p>\n<p style=\"text-align: justify;\"><span style=\"color: #000000;\">Le Pro Loco divengono nel tempo la prima forma di organizzazione che si occupa dell\u2019offerta turistica delle singole localit\u00e0. La legislazione del 900 destiner\u00e0 alle Pro Loco la valorizzazione delle localit\u00e0 meno turistiche, istituendo, dove i numeri lo giustificassero, le Aziende di cura e soggiorno. Ad oggi, con la proliferazione delle destinazioni turistiche e la nascita dei molti modi di fare vacanza, il ruolo delle Pro Loco torna ad essere di primaria importanza nella sperimentazione di forme nuove di attrazione turistica.<\/span><\/p>\n<p style=\"text-align: justify;\"><span style=\"color: #000000;\">\u00a0<\/span><\/p>\n<p style=\"text-align: justify;\"><span style=\"color: #000000;\"><strong>FUNZIONI ATTRIBUITE ALLA PRO LOCO<\/strong><\/span><\/p>\n<p style=\"text-align: justify;\"><span style=\"color: #000000;\">In provincia di Torino le Pro Loco sono soggetti turistici riconosciuti dalla legge, che attribuisce loro compiti di:<\/span><\/p>\n<p style=\"text-align: justify;\"><span style=\"color: #000000;\">- valorizzazione delle risorse naturali, culturali e storiche della localit\u00e0 - realizzazione di iniziative di interesse turistico, ricreativo, sportivo e culturale a carattere locale - altre attivit\u00e0 a carattere locale di promozione del turismo<\/span><\/p>\n<p style=\"text-align: justify;\"><span style=\"color: #000000;\">Le funzioni descritte dalla legge riguardano l\u2019attivit\u00e0 che questa finanzia. Ogni Pro Loco pu\u00f2 poi personalizzare le proprie funzioni in accordo con il territorio in cui svolge le sue attivit\u00e0.<\/span><\/p>\n<p style=\"text-align: justify;\"><span style=\"color: #000000;\">\u00a0<\/span><\/p>\n<p style=\"text-align: justify;\"><span style=\"color: #000000;\"><strong>FORMA GIURIDICA<\/strong><\/span><\/p>\n<p style=\"text-align: justify;\"><span style=\"color: #000000;\">La forma giuridica della Pro Loco \u00e8 l\u2019associazione. La normativa che ne regola i principi fa quindi riferimento al codice civile, dall\u2019articolo 14 all\u2019articolo 42.<\/span><\/p>\n<p style=\"text-align: justify;\"><span style=\"color: #000000;\">\u00a0<\/span><\/p>\n<p style=\"text-align: justify;\"><span style=\"color: #000000;\"><strong>IL CODICE CIVILE<br \/>\n<\/strong><\/span><span style=\"color: #000000;\">Gli articoli del codice civile che regolano l\u2019esistenza delle associazioni non riconosciute, come sono tutte le Pro Loco, sono quelli che vanno dal n\u00b036 al n\u00b038.<\/span><\/p>\n<p style=\"text-align: justify;\"><span style=\"color: #000000;\"><strong>Capo III: Delle associazioni non riconosciute e dei comitati<\/strong><\/span><\/p>\n<p style=\"text-align: justify;\"><span style=\"color: #000000;\"><strong>Art. 36 Ordinamento e amministrazione delle associazioni non riconosciute<br \/>\n<\/strong><\/span><span style=\"color: #000000;\">L'ordinamento interno e l'amministrazione delle associazioni non riconosciute come persone giuridiche sono regolati dagli accordi degli associati.<\/span><span style=\"color: #000000;\">Le dette associazioni possono stare in giudizio nella persona di coloro ai quali, secondo questi accordi, e conferita la presidenza o la direzione (Cod. Proc. Civ. 75, 78).<\/span><\/p>\n<p style=\"text-align: justify;\"><span style=\"color: #000000;\"><strong>Art. 37 Fondo comune<br \/>\n<\/strong><\/span><span style=\"color: #000000;\">I contributi degli associati e i beni acquistati con questi contributi costituiscono il fondo comune dell'associazione. Finche questa dura, i singoli associati non possono chiedere la divisione del fondo comune, n\u00e9 pretendere la quota in caso di recesso.<\/span><\/p>\n<p style=\"text-align: justify;\"><span style=\"color: #000000;\"><strong>Art. 38 Obbligazioni<br \/>\n<\/strong><\/span><span style=\"color: #000000;\">Per le obbligazioni assunte dalle persone che rappresentano l'associazione i terzi possono far valere i loro diritti sul fondo comune. Delle obbligazioni stesse rispondono anche personalmente e solidalmente le persone che hanno agito in nome e per conto dell'associazione (Cod. Proc. Civ. 19).<\/span><\/p>\n<p style=\"text-align: justify;\"><span style=\"color: #000000;\">\u00a0<\/span><\/p>\n<p style=\"text-align: justify;\"><span style=\"color: #000000;\"><strong>SCOPI E OBBIETTIVI DELLA PRO LOCO<\/strong><\/span><\/p>\n<p style=\"text-align: justify;\"><span style=\"color: #000000;\">Gli obiettivi della Pro Loco possono essere molto ampi. Lo scopo \u2018turistico\u2019 pone varie possibilit\u00e0 e pu\u00f2 manifestarsi sia in forma diretta che indiretta.<\/span><\/p>\n<p style=\"text-align: justify;\"><span style=\"color: #000000;\">La Pro Loco si pu\u00f2 definire \u2018direttamente\u2019 turistica quando realizza eventi e manifestazioni a scopo turistico.<\/span><\/p>\n<p style=\"text-align: justify;\"><span style=\"color: #000000;\">Si pu\u00f2 tuttavia sostenere che il mantenimento di un tessuto sociale che renda vivibile una comunit\u00e0 \u00e8 un\u2019azione che \u2018indirettamente\u2019 va ad incidere in maniera positiva sul comparto turistico.<\/span><\/p>\n<p style=\"text-align: justify;\"><span style=\"color: #000000;\">Questo conferma la sua validit\u00e0 nelle nuove forme di turismo che sono alla ricerca di esperienze ed emozioni che legano positivamente le persone ai propri territori.<\/span><\/p>\n<p style=\"text-align: justify;\"><span style=\"color: #000000;\">La dicotomia turistico\/non turistico \u00e8 quindi poco significativa nella descrizione delle attivit\u00e0 di una Pro Loco e impedisce di vedere il valore aggiunto dell\u2019avere cura del contesto in cui si vive.<\/span><\/p>\n<\/div><\/div><\/div><\/div><\/div>","protected":false},"excerpt":{"rendered":"<p>QUANDO E PERCH\u00c9 NASCONO La prima forma associativa, tra quelle che presentano le sembianze di una Pro Loco contemporanea, nasce a Pieve Tesino nel 1881 (allora impero Austro-Ungarico oggi Italia). Si tratta di un comitato denominato Societ\u00e0 d\u2019abbellimento che si pone come obiettivo il miglioramento estetico di una localit\u00e0 per favorire la sosta dei forestieri. [&hellip;]<\/p>\n","protected":false},"author":1,"featured_media":0,"parent":0,"menu_order":0,"comment_status":"closed","ping_status":"closed","template":"","meta":{"footnotes":""},"class_list":["post-244","page","type-page","status-publish","hentry"],"yoast_head":"<!-- This site is optimized with the Yoast SEO plugin v27.3 - https:\/\/yoast.com\/product\/yoast-seo-wordpress\/ -->\n<title>La Storia delle Proloco - ProLoco Altessano Venaria<\/title>\n<meta name=\"robots\" content=\"index, follow, max-snippet:-1, max-image-preview:large, max-video-preview:-1\" \/>\n<link rel=\"canonical\" href=\"https:\/\/www.prolocoaltessanovenaria.eu\/sito\/la-storia-delle-proloco\/\" \/>\n<meta property=\"og:locale\" content=\"it_IT\" \/>\n<meta property=\"og:type\" content=\"article\" \/>\n<meta property=\"og:title\" content=\"La Storia delle Proloco - ProLoco Altessano Venaria\" \/>\n<meta property=\"og:description\" content=\"QUANDO E PERCH\u00c9 NASCONO La prima forma associativa, tra quelle che presentano le sembianze di una Pro Loco contemporanea, nasce a Pieve Tesino nel 1881 (allora impero Austro-Ungarico oggi Italia). Si tratta di un comitato denominato Societ\u00e0 d\u2019abbellimento che si pone come obiettivo il miglioramento estetico di una localit\u00e0 per favorire la sosta dei forestieri. [&hellip;]\" \/>\n<meta property=\"og:url\" content=\"https:\/\/www.prolocoaltessanovenaria.eu\/sito\/la-storia-delle-proloco\/\" \/>\n<meta property=\"og:site_name\" content=\"ProLoco Altessano Venaria\" \/>\n<meta property=\"article:publisher\" content=\"https:\/\/www.facebook.com\/Associazione-Turistica-Pro-Loco-Altessano-Venaria-Reale-1412029292342779\/\" \/>\n<meta property=\"article:modified_time\" content=\"2021-10-23T07:56:42+00:00\" \/>\n<meta name=\"twitter:card\" content=\"summary_large_image\" \/>\n<meta name=\"twitter:label1\" content=\"Tempo di lettura stimato\" \/>\n\t<meta name=\"twitter:data1\" content=\"4 minuti\" \/>\n<script type=\"application\/ld+json\" class=\"yoast-schema-graph\">{\"@context\":\"https:\\\/\\\/schema.org\",\"@graph\":[{\"@type\":\"WebPage\",\"@id\":\"https:\\\/\\\/www.prolocoaltessanovenaria.eu\\\/sito\\\/la-storia-delle-proloco\\\/\",\"url\":\"https:\\\/\\\/www.prolocoaltessanovenaria.eu\\\/sito\\\/la-storia-delle-proloco\\\/\",\"name\":\"La Storia delle Proloco - ProLoco Altessano Venaria\",\"isPartOf\":{\"@id\":\"https:\\\/\\\/www.prolocoaltessanovenaria.eu\\\/sito\\\/#website\"},\"datePublished\":\"2015-03-23T12:21:52+00:00\",\"dateModified\":\"2021-10-23T07:56:42+00:00\",\"breadcrumb\":{\"@id\":\"https:\\\/\\\/www.prolocoaltessanovenaria.eu\\\/sito\\\/la-storia-delle-proloco\\\/#breadcrumb\"},\"inLanguage\":\"it-IT\",\"potentialAction\":[{\"@type\":\"ReadAction\",\"target\":[\"https:\\\/\\\/www.prolocoaltessanovenaria.eu\\\/sito\\\/la-storia-delle-proloco\\\/\"]}]},{\"@type\":\"BreadcrumbList\",\"@id\":\"https:\\\/\\\/www.prolocoaltessanovenaria.eu\\\/sito\\\/la-storia-delle-proloco\\\/#breadcrumb\",\"itemListElement\":[{\"@type\":\"ListItem\",\"position\":1,\"name\":\"Home\",\"item\":\"https:\\\/\\\/www.prolocoaltessanovenaria.eu\\\/sito\\\/\"},{\"@type\":\"ListItem\",\"position\":2,\"name\":\"La Storia delle Proloco\"}]},{\"@type\":\"WebSite\",\"@id\":\"https:\\\/\\\/www.prolocoaltessanovenaria.eu\\\/sito\\\/#website\",\"url\":\"https:\\\/\\\/www.prolocoaltessanovenaria.eu\\\/sito\\\/\",\"name\":\"ProLoco Altessano Venaria\",\"description\":\"Associazione Turistica ProLoco Altessano Venaria\",\"publisher\":{\"@id\":\"https:\\\/\\\/www.prolocoaltessanovenaria.eu\\\/sito\\\/#organization\"},\"potentialAction\":[{\"@type\":\"SearchAction\",\"target\":{\"@type\":\"EntryPoint\",\"urlTemplate\":\"https:\\\/\\\/www.prolocoaltessanovenaria.eu\\\/sito\\\/?s={search_term_string}\"},\"query-input\":{\"@type\":\"PropertyValueSpecification\",\"valueRequired\":true,\"valueName\":\"search_term_string\"}}],\"inLanguage\":\"it-IT\"},{\"@type\":\"Organization\",\"@id\":\"https:\\\/\\\/www.prolocoaltessanovenaria.eu\\\/sito\\\/#organization\",\"name\":\"ProLoco Altessano Venaria\",\"url\":\"https:\\\/\\\/www.prolocoaltessanovenaria.eu\\\/sito\\\/\",\"logo\":{\"@type\":\"ImageObject\",\"inLanguage\":\"it-IT\",\"@id\":\"https:\\\/\\\/www.prolocoaltessanovenaria.eu\\\/sito\\\/#\\\/schema\\\/logo\\\/image\\\/\",\"url\":\"https:\\\/\\\/www.prolocoaltessanovenaria.eu\\\/sito\\\/wp-content\\\/uploads\\\/2015\\\/03\\\/losanga-logo-pro-loco.png\",\"contentUrl\":\"https:\\\/\\\/www.prolocoaltessanovenaria.eu\\\/sito\\\/wp-content\\\/uploads\\\/2015\\\/03\\\/losanga-logo-pro-loco.png\",\"width\":643,\"height\":143,\"caption\":\"ProLoco Altessano Venaria\"},\"image\":{\"@id\":\"https:\\\/\\\/www.prolocoaltessanovenaria.eu\\\/sito\\\/#\\\/schema\\\/logo\\\/image\\\/\"},\"sameAs\":[\"https:\\\/\\\/www.facebook.com\\\/Associazione-Turistica-Pro-Loco-Altessano-Venaria-Reale-1412029292342779\\\/\",\"https:\\\/\\\/www.instagram.com\\\/proloco_altessano_venaria\\\/\"]}]}<\/script>\n<!-- \/ Yoast SEO plugin. -->","yoast_head_json":{"title":"La Storia delle Proloco - ProLoco Altessano Venaria","robots":{"index":"index","follow":"follow","max-snippet":"max-snippet:-1","max-image-preview":"max-image-preview:large","max-video-preview":"max-video-preview:-1"},"canonical":"https:\/\/www.prolocoaltessanovenaria.eu\/sito\/la-storia-delle-proloco\/","og_locale":"it_IT","og_type":"article","og_title":"La Storia delle Proloco - ProLoco Altessano Venaria","og_description":"QUANDO E PERCH\u00c9 NASCONO La prima forma associativa, tra quelle che presentano le sembianze di una Pro Loco contemporanea, nasce a Pieve Tesino nel 1881 (allora impero Austro-Ungarico oggi Italia). Si tratta di un comitato denominato Societ\u00e0 d\u2019abbellimento che si pone come obiettivo il miglioramento estetico di una localit\u00e0 per favorire la sosta dei forestieri. [&hellip;]","og_url":"https:\/\/www.prolocoaltessanovenaria.eu\/sito\/la-storia-delle-proloco\/","og_site_name":"ProLoco Altessano Venaria","article_publisher":"https:\/\/www.facebook.com\/Associazione-Turistica-Pro-Loco-Altessano-Venaria-Reale-1412029292342779\/","article_modified_time":"2021-10-23T07:56:42+00:00","twitter_card":"summary_large_image","twitter_misc":{"Tempo di lettura stimato":"4 minuti"},"schema":{"@context":"https:\/\/schema.org","@graph":[{"@type":"WebPage","@id":"https:\/\/www.prolocoaltessanovenaria.eu\/sito\/la-storia-delle-proloco\/","url":"https:\/\/www.prolocoaltessanovenaria.eu\/sito\/la-storia-delle-proloco\/","name":"La Storia delle Proloco - ProLoco Altessano Venaria","isPartOf":{"@id":"https:\/\/www.prolocoaltessanovenaria.eu\/sito\/#website"},"datePublished":"2015-03-23T12:21:52+00:00","dateModified":"2021-10-23T07:56:42+00:00","breadcrumb":{"@id":"https:\/\/www.prolocoaltessanovenaria.eu\/sito\/la-storia-delle-proloco\/#breadcrumb"},"inLanguage":"it-IT","potentialAction":[{"@type":"ReadAction","target":["https:\/\/www.prolocoaltessanovenaria.eu\/sito\/la-storia-delle-proloco\/"]}]},{"@type":"BreadcrumbList","@id":"https:\/\/www.prolocoaltessanovenaria.eu\/sito\/la-storia-delle-proloco\/#breadcrumb","itemListElement":[{"@type":"ListItem","position":1,"name":"Home","item":"https:\/\/www.prolocoaltessanovenaria.eu\/sito\/"},{"@type":"ListItem","position":2,"name":"La Storia delle Proloco"}]},{"@type":"WebSite","@id":"https:\/\/www.prolocoaltessanovenaria.eu\/sito\/#website","url":"https:\/\/www.prolocoaltessanovenaria.eu\/sito\/","name":"ProLoco Altessano Venaria","description":"Associazione Turistica ProLoco Altessano Venaria","publisher":{"@id":"https:\/\/www.prolocoaltessanovenaria.eu\/sito\/#organization"},"potentialAction":[{"@type":"SearchAction","target":{"@type":"EntryPoint","urlTemplate":"https:\/\/www.prolocoaltessanovenaria.eu\/sito\/?s={search_term_string}"},"query-input":{"@type":"PropertyValueSpecification","valueRequired":true,"valueName":"search_term_string"}}],"inLanguage":"it-IT"},{"@type":"Organization","@id":"https:\/\/www.prolocoaltessanovenaria.eu\/sito\/#organization","name":"ProLoco Altessano Venaria","url":"https:\/\/www.prolocoaltessanovenaria.eu\/sito\/","logo":{"@type":"ImageObject","inLanguage":"it-IT","@id":"https:\/\/www.prolocoaltessanovenaria.eu\/sito\/#\/schema\/logo\/image\/","url":"https:\/\/www.prolocoaltessanovenaria.eu\/sito\/wp-content\/uploads\/2015\/03\/losanga-logo-pro-loco.png","contentUrl":"https:\/\/www.prolocoaltessanovenaria.eu\/sito\/wp-content\/uploads\/2015\/03\/losanga-logo-pro-loco.png","width":643,"height":143,"caption":"ProLoco Altessano Venaria"},"image":{"@id":"https:\/\/www.prolocoaltessanovenaria.eu\/sito\/#\/schema\/logo\/image\/"},"sameAs":["https:\/\/www.facebook.com\/Associazione-Turistica-Pro-Loco-Altessano-Venaria-Reale-1412029292342779\/","https:\/\/www.instagram.com\/proloco_altessano_venaria\/"]}]}},"_links":{"self":[{"href":"https:\/\/www.prolocoaltessanovenaria.eu\/sito\/wp-json\/wp\/v2\/pages\/244","targetHints":{"allow":["GET"]}}],"collection":[{"href":"https:\/\/www.prolocoaltessanovenaria.eu\/sito\/wp-json\/wp\/v2\/pages"}],"about":[{"href":"https:\/\/www.prolocoaltessanovenaria.eu\/sito\/wp-json\/wp\/v2\/types\/page"}],"author":[{"embeddable":true,"href":"https:\/\/www.prolocoaltessanovenaria.eu\/sito\/wp-json\/wp\/v2\/users\/1"}],"replies":[{"embeddable":true,"href":"https:\/\/www.prolocoaltessanovenaria.eu\/sito\/wp-json\/wp\/v2\/comments?post=244"}],"version-history":[{"count":27,"href":"https:\/\/www.prolocoaltessanovenaria.eu\/sito\/wp-json\/wp\/v2\/pages\/244\/revisions"}],"predecessor-version":[{"id":8902,"href":"https:\/\/www.prolocoaltessanovenaria.eu\/sito\/wp-json\/wp\/v2\/pages\/244\/revisions\/8902"}],"wp:attachment":[{"href":"https:\/\/www.prolocoaltessanovenaria.eu\/sito\/wp-json\/wp\/v2\/media?parent=244"}],"curies":[{"name":"wp","href":"https:\/\/api.w.org\/{rel}","templated":true}]}}